{"id":176,"date":"2020-11-14T17:20:34","date_gmt":"2020-11-14T16:20:34","guid":{"rendered":"http:\/\/campus.achimmette.de\/?page_id=176"},"modified":"2021-07-31T12:34:34","modified_gmt":"2021-07-31T10:34:34","slug":"home","status":"publish","type":"page","link":"https:\/\/campus.achimmette.de\/home\/","title":{"rendered":"Home"},"content":{"rendered":"<p><span><img decoding=\"async\" alt=\"\" data-id=\"574\" width=\"1893\" data-init-width=\"1920\" height=\"197\" data-init-height=\"200\" title=\"\" loading=\"lazy\" src=\"\/\/campus.achimmette.de\/wp-content\/uploads\/2021\/07\/20210730-CAMPUS-1920x200-1.png\" data-width=\"1893\" data-height=\"197\" style=\"\"><\/span><\/p>\n<h2 style=\"text-align: center;\">Willkommen auf dem Campus<\/h2>\n<p style=\"text-align: center;\">Hier findest Du Online-Coaching Programme und demn\u00e4chst auch Onlinekurse, welche nur einen Zweck haben. Sie werden Dich auf Deinem Weg im Leben unterst\u00fctzen, F\u00e4higkeiten lehren oder erweitern bzw. verbessern; also echter Mehrwert f\u00fcr Dein Vorankommen! &nbsp;<\/p>\n<h2 style=\"\">Verbessere Dein Skill-Set und nutze den CAMPUS!<\/h2>\n<p>Es ist an der Zeit die eigenen F\u00e4higkeiten zu erweitern bzw. Neues zu erfahren:<\/p>\n","protected":false},"excerpt":{"rendered":"<p>Willkommen auf dem Campus Hier findest Du Online-Coaching Programme und demn\u00e4chst auch Onlinekurse, welche nur einen Zweck haben. Sie werden Dich auf Deinem Weg im Leben unterst\u00fctzen, F\u00e4higkeiten lehren oder erweitern bzw. verbessern; also echter Mehrwert f\u00fcr Dein Vorankommen! &nbsp; Verbessere Dein Skill-Set und nutze den CAMPUS! Es ist an der Zeit die eigenen F\u00e4higkeiten [&hellip;]<\/p>\n","protected":false},"author":1,"featured_media":0,"parent":0,"menu_order":0,"comment_status":"closed","ping_status":"closed","template":"","meta":{"footnotes":""},"class_list":["post-176","page","type-page","status-publish","hentry","post-wrapper","thrv_wrapper"],"_links":{"self":[{"href":"https:\/\/campus.achimmette.de\/home\/wp-json\/wp\/v2\/pages\/176","targetHints":{"allow":["GET"]}}],"collection":[{"href":"https:\/\/campus.achimmette.de\/home\/wp-json\/wp\/v2\/pages"}],"about":[{"href":"https:\/\/campus.achimmette.de\/home\/wp-json\/wp\/v2\/types\/page"}],"author":[{"embeddable":true,"href":"https:\/\/campus.achimmette.de\/home\/wp-json\/wp\/v2\/users\/1"}],"replies":[{"embeddable":true,"href":"https:\/\/campus.achimmette.de\/home\/wp-json\/wp\/v2\/comments?post=176"}],"version-history":[{"count":13,"href":"https:\/\/campus.achimmette.de\/home\/wp-json\/wp\/v2\/pages\/176\/revisions"}],"predecessor-version":[{"id":579,"href":"https:\/\/campus.achimmette.de\/home\/wp-json\/wp\/v2\/pages\/176\/revisions\/579"}],"wp:attachment":[{"href":"https:\/\/campus.achimmette.de\/home\/wp-json\/wp\/v2\/media?parent=176"}],"curies":[{"name":"wp","href":"https:\/\/api.w.org\/{rel}","templated":true}]}}